{"id":573,"date":"2025-06-23T04:52:36","date_gmt":"2025-06-23T08:52:36","guid":{"rendered":"https:\/\/fwp.univ-batna.dz\/wp17\/?page_id=573"},"modified":"2026-01-05T06:33:44","modified_gmt":"2026-01-05T11:33:44","slug":"doctorant","status":"publish","type":"page","link":"https:\/\/iaub.univ-batna.dz\/?page_id=573","title":{"rendered":"Doctorant"},"content":{"rendered":"\n<div class=\"wp-block-file\"><a id=\"wp-block-file--media-eaee6eb6-df74-4823-8ad0-69b5b2c1cb07\" href=\"https:\/\/iaub.univ-batna.dz\/wp-content\/uploads\/2026\/01\/gattafi-1.png\">annonce de soutenance gattfi lamis<\/a><a href=\"https:\/\/iaub.univ-batna.dz\/wp-content\/uploads\/2026\/01\/gattafi-1.png\" class=\"wp-block-file__button wp-element-button\" download aria-describedby=\"wp-block-file--media-eaee6eb6-df74-4823-8ad0-69b5b2c1cb07\">Download<\/a><\/div>\n\n\n\n<div class=\"wp-block-file\"><a id=\"wp-block-file--media-eda11d55-de26-47fe-8ddd-eb957c01d19a\" href=\"https:\/\/iaub.univ-batna.dz\/wp-content\/uploads\/2026\/01\/gueddouj.png\">annonce de soutenance gueddouh amel<\/a><a href=\"https:\/\/iaub.univ-batna.dz\/wp-content\/uploads\/2026\/01\/gueddouj.png\" class=\"wp-block-file__button wp-element-button\" download aria-describedby=\"wp-block-file--media-eda11d55-de26-47fe-8ddd-eb957c01d19a\">Download<\/a><\/div>\n\n\n\n<div class=\"wp-block-file\"><a id=\"wp-block-file--media-35550f59-fcac-45c0-ba1d-49862d06dd8c\" href=\"https:\/\/iaub.univ-batna.dz\/wp-content\/uploads\/2025\/11\/annonce-de-soutenance-BIBIMOUNE-WALIDE-1.pdf\">annonce de soutenance BIBIMOUNE WALIDE<\/a><a href=\"https:\/\/iaub.univ-batna.dz\/wp-content\/uploads\/2025\/11\/annonce-de-soutenance-BIBIMOUNE-WALIDE-1.pdf\" class=\"wp-block-file__button wp-element-button\" download aria-describedby=\"wp-block-file--media-35550f59-fcac-45c0-ba1d-49862d06dd8c\">Download<\/a><\/div>\n\n\n\n<div class=\"wp-block-file\"><a id=\"wp-block-file--media-94433d3a-ce19-4604-aaa5-709f0f559bf1\" href=\"https:\/\/iaub.univ-batna.dz\/wp-content\/uploads\/2025\/11\/\u0625\u0639\u0644\u0627\u0646-\u0645\u0646\u0627\u0642\u0634\u0629-\u0623\u0643\u0633\u0627\u0633-\u0633\u0645\u064a\u062d\u0629.pdf\">\u0625\u0639\u0644\u0627\u0646 \u0645\u0646\u0627\u0642\u0634\u0629 \u0623\u0643\u0633\u0627\u0633 \u0633\u0645\u064a\u062d\u0629<\/a><a href=\"https:\/\/iaub.univ-batna.dz\/wp-content\/uploads\/2025\/11\/\u0625\u0639\u0644\u0627\u0646-\u0645\u0646\u0627\u0642\u0634\u0629-\u0623\u0643\u0633\u0627\u0633-\u0633\u0645\u064a\u062d\u0629.pdf\" class=\"wp-block-file__button wp-element-button\" download aria-describedby=\"wp-block-file--media-94433d3a-ce19-4604-aaa5-709f0f559bf1\">Download<\/a><\/div>\n\n\n\n<blockquote class=\"wp-block-quote is-layout-flow wp-block-quote-is-layout-flow\">\n<blockquote class=\"wp-block-quote is-layout-flow wp-block-quote-is-layout-flow\">\n<blockquote class=\"wp-block-quote is-layout-flow wp-block-quote-is-layout-flow\">\n<p><strong>Mesdames et Messieurs les Chefs d&#8217;\u00e9tablissements,<\/strong><\/p>\n\n\n\n<p>Veuillez trouver ci-joint la correspondance n\u00b02676 de la DCEU du 5 novembre 2025, relative \u00e0 l&#8217;offre de bourses du gouvernement hongrois pour l&#8217;ann\u00e9e universitaire 2026-2027.<\/p>\n\n\n\n<p>Ce programme s&#8217;adresse aux \u00e9tudiants majors de promotion<strong>&nbsp;&nbsp;<\/strong><strong>(03 \u00e9tudiants au maximum par sp\u00e9cialit\u00e9)<\/strong>&nbsp;&nbsp;inscrits durant l&#8217;ann\u00e9e universitaire 2025-2026 en L3 ou&nbsp;<strong>(<\/strong>M2 \/ Ing&nbsp;<strong>5<\/strong><strong>)<\/strong>&nbsp;<strong><\/strong>&nbsp;, visant respectivement la pr\u00e9paration d&#8217;un dipl\u00f4me de Master ou d&#8217;un doctorat (PhD).<\/p>\n\n\n\n<p>Vous trouverez \u00e9galement ci-joints les documents n\u00e9cessaires pour les candidatures.<\/p>\n\n\n\n<p>\u00c0 titre de rappel, la date limite d&#8217;inscription en ligne sur la plateforme&nbsp;<strong>Stipendium<\/strong>&nbsp;est fix\u00e9e au&nbsp;<strong>15 janvier 2026<\/strong>, et les dossiers<strong>scann\u00e9s<\/strong>&nbsp;contenants&nbsp;les&nbsp;documents ci-dessous&nbsp;des&nbsp;candidats&nbsp;ayant proc\u00e9d\u00e9s&nbsp;\u00e0 leur&nbsp;inscription&nbsp;en ligne<strong><\/strong>&nbsp;<strong>(<\/strong><strong>la copie de l&#8217;attestation d&#8217;inscription sur Stipendium&nbsp;Hungaricum est obligatoire)<\/strong>, ainsi que le fichier ODS ci-joint \u00e0 remplir par l&#8217;\u00e9tablissement. Les dossiers doivent \u00eatre transmis avant&nbsp;<strong>l<\/strong><strong>e 01&nbsp;f\u00e9vrier 2027<\/strong>&nbsp;<strong>&#8221;<\/strong><strong><u>exclusivement<\/u><\/strong><strong>&#8221;<\/strong>via&nbsp;la plateforme de collaboration&nbsp;:<strong><a href=\"http:\/\/cruest2.univ-setif.dz\/\" rel=\"noreferrer noopener\" target=\"_blank\">cruest2.univ-setif.dz<\/a><\/strong><\/p>\n\n\n\n<p><strong><u>Le dossier de candidature comprend<\/u><\/strong><strong>&nbsp;:<\/strong><\/p>\n\n\n\n<p>1.&nbsp; &nbsp;La fiche de candidature (mod\u00e8le ci-joint)<\/p>\n\n\n\n<p>2. L&#8217;attestation d\u2019inscription en ligne sur la plateforme d\u2019application&nbsp;<strong>Stipendium<\/strong><\/p>\n\n\n\n<p>3. Une copie du proc\u00e8s-verbal de s\u00e9lection<\/p>\n\n\n\n<p>4. Une demande manuscrite du candidat faisant ressortir sa motivation par rapport \u00e0 cette formation vis\u00e9e par le responsable hi\u00e9rarchique<\/p>\n\n\n\n<p>5.&nbsp;&nbsp;Une copie du relev\u00e9 de notes du baccalaur\u00e9at<\/p>\n\n\n\n<p>6.&nbsp;&nbsp;<strong><u>* Pour la candidature au Doctorat (Ph. D.)<\/u>:&nbsp;<\/strong>Les attestations d&#8217;inscription\/r\u00e9inscription des 5 ann\u00e9es du cursus universitaire&nbsp;<\/p>\n\n\n\n<p>&nbsp; &nbsp; &nbsp;&nbsp;<strong><u>** Pour la candidature au Master<\/u>:&nbsp;<\/strong>Les attestations d&#8217;inscription\/r\u00e9inscription des 3 ann\u00e9es du cursus universitaire&nbsp;<\/p>\n\n\n\n<p>7.&nbsp; &nbsp;<strong><\/strong><strong><u>* Pour la candidature au Doctorat (Ph. D.)<\/u>:<\/strong>&nbsp;Les relev\u00e9s de notes des 4 premi\u00e8res ann\u00e9es d&#8217;\u00e9tudes (L1\/I1,L2\/I2,L3\/I3,M1\/I4 pour les Universit\u00e9s et Centres Universitaires ou CP1,CP2,1ASC,2ASC pour les \u00c9coles Sup\u00e9rieures)<\/p>\n\n\n\n<p>&nbsp; &nbsp; &nbsp;&nbsp;<strong><u>** Pour la candidature au Master<\/u>:<\/strong>&nbsp;Les relev\u00e9s de notes des 2 premi\u00e8res ann\u00e9es d&#8217;\u00e9tudes (L1,L2)<\/p>\n\n\n\n<p>8.&nbsp; &nbsp;Attestation&nbsp;de&nbsp;major de promotion&nbsp;(mod\u00e8le ci-joint).<\/p>\n\n\n\n<p>9.&nbsp;&nbsp;&nbsp;Attestation du nombre d&#8217;\u00e9toiles&nbsp;de l&#8217;\u00e9tudiant (mod\u00e8le ci-joint).<\/p>\n\n\n\n<p>10.&nbsp; Copie de la 1\u00e8re page du passeport<\/p>\n\n\n\n<p>11.&nbsp; Une photo d&#8217;identit\u00e9<\/p>\n\n\n\n<p>Avec nos sinc\u00e8res salutations,<\/p>\n<\/blockquote>\n<\/blockquote>\n<\/blockquote>\n","protected":false},"excerpt":{"rendered":"","protected":false},"author":1,"featured_media":0,"parent":0,"menu_order":0,"comment_status":"closed","ping_status":"closed","template":"","meta":{"_uag_custom_page_level_css":"","_kadence_starter_templates_imported_post":false,"_kad_post_transparent":"","_kad_post_title":"","_kad_post_layout":"","_kad_post_sidebar_id":"","_kad_post_content_style":"","_kad_post_vertical_padding":"","_kad_post_feature":"","_kad_post_feature_position":"","_kad_post_header":false,"_kad_post_footer":false,"footnotes":""},"class_list":["post-573","page","type-page","status-publish","hentry"],"uagb_featured_image_src":{"full":false,"thumbnail":false,"medium":false,"medium_large":false,"large":false,"1536x1536":false,"2048x2048":false},"uagb_author_info":{"display_name":"belkhir_wp","author_link":"https:\/\/iaub.univ-batna.dz\/?author=1"},"uagb_comment_info":0,"uagb_excerpt":null,"_links":{"self":[{"href":"https:\/\/iaub.univ-batna.dz\/index.php?rest_route=\/wp\/v2\/pages\/573","targetHints":{"allow":["GET"]}}],"collection":[{"href":"https:\/\/iaub.univ-batna.dz\/index.php?rest_route=\/wp\/v2\/pages"}],"about":[{"href":"https:\/\/iaub.univ-batna.dz\/index.php?rest_route=\/wp\/v2\/types\/page"}],"author":[{"embeddable":true,"href":"https:\/\/iaub.univ-batna.dz\/index.php?rest_route=\/wp\/v2\/users\/1"}],"replies":[{"embeddable":true,"href":"https:\/\/iaub.univ-batna.dz\/index.php?rest_route=%2Fwp%2Fv2%2Fcomments&post=573"}],"version-history":[{"count":6,"href":"https:\/\/iaub.univ-batna.dz\/index.php?rest_route=\/wp\/v2\/pages\/573\/revisions"}],"predecessor-version":[{"id":1114,"href":"https:\/\/iaub.univ-batna.dz\/index.php?rest_route=\/wp\/v2\/pages\/573\/revisions\/1114"}],"wp:attachment":[{"href":"https:\/\/iaub.univ-batna.dz\/index.php?rest_route=%2Fwp%2Fv2%2Fmedia&parent=573"}],"curies":[{"name":"wp","href":"https:\/\/api.w.org\/{rel}","templated":true}]}}